{"id":286,"date":"2026-01-04T18:20:21","date_gmt":"2026-01-04T17:20:21","guid":{"rendered":"https:\/\/psychologue.dipto-france.com\/?page_id=286"},"modified":"2026-01-04T23:00:42","modified_gmt":"2026-01-04T22:00:42","slug":"psychologue","status":"publish","type":"page","link":"https:\/\/psychologue.dipto-france.com\/","title":{"rendered":"Psychologue"},"content":{"rendered":"\t\t<div data-elementor-type=\"wp-page\" data-elementor-id=\"286\" class=\"elementor elementor-286\">\n\t\t\t\t<div class=\"elementor-element elementor-element-dcf537b e-flex e-con-boxed e-con e-parent\" data-id=\"dcf537b\" data-element_type=\"container\">\n\t\t\t\t\t<div class=\"e-con-inner\">\n\t\t\t\t<div class=\"elementor-element elementor-element-e29ee0a elementor-widget elementor-widget-html\" data-id=\"e29ee0a\" data-element_type=\"widget\" data-widget_type=\"html.default\">\n\t\t\t\t\t<!DOCTYPE html>\r\n<html lang=\"fr\">\r\n<head>\r\n    <meta charset=\"UTF-8\">\r\n    <meta name=\"viewport\" content=\"width=device-width, initial-scale=1.0\">\r\n    <title>Votre psychologue en ligne - Th\u00e9rapie par message<\/title>\r\n    <link rel=\"stylesheet\" href=\"https:\/\/cdnjs.cloudflare.com\/ajax\/libs\/font-awesome\/6.4.0\/css\/all.min.css\">\r\n    <style>\r\n        \/* === STYLES G\u00c9N\u00c9RAUX === *\/\r\n        :root {\r\n            --primary: #4f46e5; \/* Couleur principale bleu\/violet *\/\r\n            --primary-light: #e0e7ff;\r\n            --secondary: #10b981; \/* Vert *\/\r\n            --dark: #1f2937;\r\n            --light: #f9fafb;\r\n            --gray: #6b7280;\r\n        }\r\n        * { margin: 0; padding: 0; box-sizing: border-box; }\r\n        body { font-family: -apple-system, BlinkMacSystemFont, 'Segoe UI', Roboto, sans-serif; line-height: 1.6; color: var(--dark); }\r\n        .container { width: 100%; max-width: 1200px; margin: 0 auto; padding: 0 20px; }\r\n        section { padding: 80px 0; }\r\n        .btn {\r\n            display: inline-block;\r\n            background: var(--primary);\r\n            color: white;\r\n            padding: 14px 32px;\r\n            border-radius: 8px;\r\n            font-weight: 600;\r\n            text-decoration: none;\r\n            border: none;\r\n            cursor: pointer;\r\n        }\r\n        .btn:hover { background: #4338ca; }\r\n        .text-center { text-align: center; }\r\n        h1 { font-size: 3rem; margin-bottom: 1rem; }\r\n        h2 { font-size: 2.5rem; margin-bottom: 1.5rem; }\r\n        h3 { font-size: 1.5rem; margin-bottom: 1rem; }\r\n        .section-title { margin-bottom: 3rem; }\r\n\r\n        \/* === HEADER \/ NAVIGATION === *\/\r\n        header {\r\n            background: white;\r\n            box-shadow: 0 2px 10px rgba(0,0,0,0.05);\r\n            position: fixed;\r\n            width: 100%;\r\n            top: 0;\r\n            z-index: 1000;\r\n        }\r\n        .nav-container {\r\n            display: flex;\r\n            justify-content: space-between;\r\n            align-items: center;\r\n            padding: 20px 0;\r\n        }\r\n        .logo { font-size: 1.8rem; font-weight: 800; color: var(--primary); text-decoration: none; }\r\n        .nav-links { display: flex; list-style: none; }\r\n        .nav-links li { margin-left: 2rem; }\r\n        .nav-links a { color: var(--dark); text-decoration: none; font-weight: 500; }\r\n        .nav-links a:hover { color: var(--primary); }\r\n        .nav-cta { margin-left: 2rem; }\r\n\r\n        \/* === HERO BANNER === *\/\r\n        .hero {\r\n            background: linear-gradient(135deg, var(--primary-light) 0%, #f3f4f6 100%);\r\n            padding: 180px 0 100px;\r\n            margin-top: 80px;\r\n        }\r\n        .hero h1 { font-size: 3.5rem; }\r\n        .hero p {\r\n            font-size: 1.3rem;\r\n            color: var(--gray);\r\n            max-width: 700px;\r\n            margin: 0 auto 2rem;\r\n        }\r\n        .steps {\r\n            display: flex;\r\n            justify-content: center;\r\n            gap: 3rem;\r\n            margin-top: 4rem;\r\n            flex-wrap: wrap;\r\n        }\r\n        .step {\r\n            text-align: center;\r\n            max-width: 200px;\r\n        }\r\n        .step-icon {\r\n            background: white;\r\n            width: 70px;\r\n            height: 70px;\r\n            border-radius: 50%;\r\n            display: flex;\r\n            align-items: center;\r\n            justify-content: center;\r\n            margin: 0 auto 1rem;\r\n            font-size: 1.8rem;\r\n            color: var(--primary);\r\n            box-shadow: 0 5px 15px rgba(0,0,0,0.05);\r\n        }\r\n\r\n        \/* === SECTION \"CHIFFRES\" === *\/\r\n        .stats {\r\n            background: var(--light);\r\n        }\r\n        .stats-grid {\r\n            display: grid;\r\n            grid-template-columns: repeat(auto-fit, minmax(250px, 1fr));\r\n            gap: 2rem;\r\n            text-align: center;\r\n        }\r\n        .stat h3 { font-size: 2.5rem; color: var(--primary); margin-bottom: 0.5rem; }\r\n\r\n        \/* === SECTION \"PSYCHOLOGUES\" === *\/\r\n        .psycho-grid {\r\n            display: grid;\r\n            grid-template-columns: repeat(auto-fit, minmax(280px, 1fr));\r\n            gap: 2rem;\r\n            margin-top: 3rem;\r\n        }\r\n        .psycho-card {\r\n            background: white;\r\n            border-radius: 12px;\r\n            padding: 2rem;\r\n            box-shadow: 0 5px 15px rgba(0,0,0,0.05);\r\n            text-align: center;\r\n        }\r\n        .psycho-avatar {\r\n            width: 100px;\r\n            height: 100px;\r\n            border-radius: 50%;\r\n            background: #e0e7ff;\r\n            margin: 0 auto 1rem;\r\n            display: flex;\r\n            align-items: center;\r\n            justify-content: center;\r\n            font-size: 2rem;\r\n            color: var(--primary);\r\n        }\r\n        .psycho-specialties { list-style: none; margin-top: 1rem; }\r\n        .psycho-specialties li { padding: 5px 0; color: var(--gray); }\r\n\r\n        \/* === SECTION TARIFS === *\/\r\n        .pricing {\r\n            background: var(--light);\r\n        }\r\n        .pricing-grid {\r\n            display: grid;\r\n            grid-template-columns: repeat(auto-fit, minmax(300px, 1fr));\r\n            gap: 2rem;\r\n            max-width: 800px;\r\n            margin: 0 auto;\r\n        }\r\n        .pricing-card {\r\n            background: white;\r\n            border-radius: 12px;\r\n            padding: 2.5rem;\r\n            box-shadow: 0 5px 20px rgba(0,0,0,0.08);\r\n            text-align: center;\r\n        }\r\n        .price { font-size: 3rem; font-weight: 800; color: var(--primary); }\r\n        .price-period { color: var(--gray); font-size: 1rem; }\r\n        .features { list-style: none; margin: 2rem 0; }\r\n        .features li { padding: 10px 0; border-bottom: 1px solid #eee; }\r\n\r\n        \/* === FAQ === *\/\r\n        .faq-item {\r\n            background: white;\r\n            border-radius: 8px;\r\n            margin-bottom: 1rem;\r\n            overflow: hidden;\r\n            box-shadow: 0 3px 10px rgba(0,0,0,0.05);\r\n            max-width: 800px;\r\n            margin-left: auto;\r\n            margin-right: auto;\r\n        }\r\n        .faq-question {\r\n            padding: 1.5rem;\r\n            font-weight: 600;\r\n            cursor: pointer;\r\n            display: flex;\r\n            justify-content: space-between;\r\n            align-items: center;\r\n        }\r\n        .faq-answer {\r\n            padding: 0 1.5rem;\r\n            max-height: 0;\r\n            overflow: hidden;\r\n            transition: max-height 0.3s ease;\r\n        }\r\n        .faq-answer.active {\r\n            padding-bottom: 1.5rem;\r\n            max-height: 500px;\r\n        }\r\n\r\n        \/* === FOOTER === *\/\r\n        footer {\r\n            background: var(--dark);\r\n            color: white;\r\n            padding: 60px 0 30px;\r\n        }\r\n        .footer-grid {\r\n            display: grid;\r\n            grid-template-columns: repeat(auto-fit, minmax(250px, 1fr));\r\n            gap: 3rem;\r\n            margin-bottom: 3rem;\r\n        }\r\n        .footer-links { list-style: none; }\r\n        .footer-links li { margin-bottom: 10px; }\r\n        .footer-links a { color: #d1d5db; text-decoration: none; }\r\n        .copyright { text-align: center; padding-top: 2rem; border-top: 1px solid #374151; color: #9ca3af; }\r\n\r\n        \/* === RESPONSIVE === *\/\r\n        @media (max-width: 768px) {\r\n            h1 { font-size: 2.5rem; }\r\n            h2 { font-size: 2rem; }\r\n            .hero { padding: 150px 0 80px; }\r\n            .nav-links { display: none; } \/* Pour simplifier, on masque la nav sur mobile *\/\r\n            .steps { gap: 1.5rem; }\r\n        }\r\n    <\/style>\r\n<\/head>\r\n<body>\r\n    <!-- HEADER -->\r\n   \r\n\r\n    <!-- SECTION HERO \/ BANNI\u00c8RE -->\r\n    <section class=\"hero text-center\">\r\n        <div class=\"container\">\r\n            <h1>Votre psychologue par message ou vocal chaque jour et sans rendez-vous<\/h1>\r\n            <p>Un psychologue d\u00e9di\u00e9 pour vous accompagner au quotidien, depuis votre t\u00e9l\u00e9phone. \u00c9changez par message ou vocal, quand vous en avez besoin, sans rendez-vous. L\u2019\u00e9crit permet de poser les choses \u00e0 votre rythme.<\/p>\r\n            <a href=\"https:\/\/psychologue.dipto-france.com\/index.php\/monpsy\" class=\"btn\">Choisir mon psychologue<\/a>\r\n\r\n            <div class=\"steps\">\r\n                <div class=\"step\">\r\n                    <div class=\"step-icon\"><i class=\"fas fa-user-md\"><\/i><\/div>\r\n                    <h3>Choisissez votre psychologue<\/h3>\r\n                <\/div>\r\n                <div class=\"step\">\r\n                    <div class=\"step-icon\"><i class=\"fas fa-file-medical\"><\/i><\/div>\r\n                    <h3>Compl\u00e9tez votre fiche patient<\/h3>\r\n                <\/div>\r\n                <div class=\"step\">\r\n                    <div class=\"step-icon\"><i class=\"fas fa-comments\"><\/i><\/div>\r\n                    <h3>D\u00e9marrez votre suivi quotidien<\/h3>\r\n                <\/div>\r\n            <\/div>\r\n        <\/div>\r\n    <\/section>\r\n\r\n    <!-- SECTION CHIFFRES \/ ARGUMENTS -->\r\n    <section class=\"stats\">\r\n        <div class=\"container\">\r\n            <div class=\"stats-grid\">\r\n                <div class=\"stat\">\r\n                    <h3>+2300<\/h3>\r\n                    <p>patients accompagn\u00e9s<\/p>\r\n                <\/div>\r\n                <div class=\"stat\">\r\n                    <h3>100%<\/h3>\r\n                    <p>psychologues dipl\u00f4m\u00e9s et RPPS<\/p>\r\n                <\/div>\r\n                <div class=\"stat\">\r\n                    <h3>\u2713<\/h3>\r\n                    <p>Rembours\u00e9 par les mutuelles<\/p>\r\n                <\/div>\r\n            <\/div>\r\n        <\/div>\r\n    <\/section>\r\n\r\n    <!-- SECTION PSYCHOLOGUES -->\r\n    <section id=\"psychologues\">\r\n        <div class=\"container text-center\">\r\n            <div class=\"section-title\">\r\n                <h2>Des psychologues sp\u00e9cialis\u00e9s et dipl\u00f4m\u00e9s<\/h2>\r\n                <p>Fa\u00eetes le choix d\u2019un psychologue sp\u00e9cialis\u00e9 et dipl\u00f4m\u00e9 pour une alliance th\u00e9rapeutique facilit\u00e9e.<\/p>\r\n            <\/div>\r\n            <div class=\"psycho-grid\">\r\n                <div class=\"psycho-card\">\r\n                    <div class=\"psycho-avatar\">C<\/div>\r\n                    <h3>Charlotte M.<\/h3>\r\n                    <p><strong>Psychologue<\/strong><\/p>\r\n                    <ul class=\"psycho-specialties\">\r\n                        <li>D\u00e9pendance affective<\/li>\r\n                        <li>Burnout<\/li>\r\n                        <li>Relations toxiques<\/li>\r\n                        <li>Stress<\/li>\r\n                    <\/ul>\r\n                <\/div>\r\n                <div class=\"psycho-card\">\r\n                    <div class=\"psycho-avatar\">S<\/div>\r\n                    <h3>Sylvie C.<\/h3>\r\n                    <p><strong>Psychologue<\/strong><\/p>\r\n                    <ul class=\"psycho-specialties\">\r\n                        <li>D\u00e9pendance affective<\/li>\r\n                        <li>Stress<\/li>\r\n                        <li>D\u00e9pression<\/li>\r\n                        <li>Deuils & Traumas<\/li>\r\n                    <\/ul>\r\n                <\/div>\r\n                <!-- Ajoutez d'autres cartes ici -->\r\n            <\/div>\r\n        <\/div>\r\n    <\/section>\r\n\r\n    <!-- SECTION TARIFS -->\r\n    <section id=\"tarifs\" class=\"pricing\">\r\n        <div class=\"container text-center\">\r\n            <div class=\"section-title\">\r\n                <h2>Un accompagnement \u00e0 votre rythme<\/h2>\r\n            <\/div>\r\n            <div class=\"pricing-grid\">\r\n                <div class=\"pricing-card\">\r\n                    <h3>Th\u00e9rapie par message<\/h3>\r\n                    <div class=\"price\">35\u20ac<span class=\"price-period\">\/semaine<\/span><\/div>\r\n                    <p>Soit 150\u20ac\/mois \u2022 Sans engagement<\/p>\r\n                    <ul class=\"features\">\r\n                        <li>\u2713 \u00c9changez par message\/vocal quotidien<\/li>\r\n                        <li>\u2713 Psychologue dipl\u00f4m\u00e9 d\u00e9di\u00e9<\/li>\r\n                        <li>\u2713 R\u00e9ponse sous quelques heures<\/li>\r\n                    <\/ul>\r\n                    <a href=\"https:\/\/psychologue.dipto-france.com\/index.php\/monpsy\" class=\"btn\">Choisir cette formule<\/a>\r\n                <\/div>\r\n                <div class=\"pricing-card\">\r\n                    <h3>Avec s\u00e9ances en direct<\/h3>\r\n                    <div class=\"price\">55\u20ac<span class=\"price-period\">\/semaine<\/span><\/div>\r\n                    <p>Inclus 4 s\u00e9ances\/mois \u2022 Par visio ou t\u00e9l\u00e9phone<\/p>\r\n                    <ul class=\"features\">\r\n                        <li>\u2713 Tous les avantages de la formule Message<\/li>\r\n                        <li>\u2713 + 4 s\u00e9ances de 45 min par mois<\/li>\r\n                        <li>\u2713 \u00c0 votre convenance<\/li>\r\n                    <\/ul>\r\n                    <a href=\"https:\/\/psychologue.dipto-france.com\/index.php\/monpsy\" class=\"btn\">Choisir cette formule<\/a>\r\n                <\/div>\r\n            <\/div>\r\n            <p style=\"margin-top: 2rem; color: var(--gray);\"><i>Rembours\u00e9 par la plupart des mutuelles.<\/i><\/p>\r\n        <\/div>\r\n    <\/section>\r\n\r\n    <!-- SECTION FAQ -->\r\n    <section id=\"faq\">\r\n        <div class=\"container\">\r\n            <div class=\"section-title text-center\">\r\n                <h2>Questions fr\u00e9quentes<\/h2>\r\n            <\/div>\r\n            <div class=\"faq-item\">\r\n                <div class=\"faq-question\" onclick=\"toggleFaq(this)\">\r\n                    <span>Comment choisir un psychologue en ligne ?<\/span>\r\n                    <i class=\"fas fa-chevron-down\"><\/i>\r\n                <\/div>\r\n                <div class=\"faq-answer\">\r\n                    <p>Pour choisir un psychologue, assurez-vous qu\u2019il utilise une approche th\u00e9rapeutique valid\u00e9e scientifiquement, comme la TCC. Il est important que sa sp\u00e9cialit\u00e9 corresponde \u00e0 vos besoins sp\u00e9cifiques.<\/p>\r\n                <\/div>\r\n            <\/div>\r\n            <div class=\"faq-item\">\r\n                <div class=\"faq-question\" onclick=\"toggleFaq(this)\">\r\n                    <span>Combien co\u00fbte une consultation avec un psychologue en ligne ?<\/span>\r\n                    <i class=\"fas fa-chevron-down\"><\/i>\r\n                <\/div>\r\n                <div class=\"faq-answer\">\r\n                    <p>Nos formules d\u00e9marrent \u00e0 35\u20ac par semaine pour un suivi illimit\u00e9 par message. Des forfaits avec s\u00e9ances en direct sont \u00e9galement disponibles.<\/p>\r\n                <\/div>\r\n            <\/div>\r\n            <!-- Ajoutez d'autres questions ici -->\r\n        <\/div>\r\n    <\/section>\r\n\r\n    <!-- FOOTER -->\r\n    <footer>\r\n        <div class=\"container\">\r\n            <div class=\"footer-grid\">\r\n                <div>\r\n                    <h3 style=\"color:white; margin-bottom:1rem;\">Psychologue<\/h3>\r\n                    <p>La r\u00e9f\u00e9rence fran\u00e7aise de la th\u00e9rapie en ligne.<\/p>\r\n                <\/div>\r\n                <div>\r\n                    <h4 style=\"color:white; margin-bottom:1rem;\">Liens<\/h4>\r\n                    <ul class=\"footer-links\">\r\n                        <li><a href=\"#\">Accueil<\/a><\/li>\r\n                        <li><a href=\"#psychologues\">Nos psychologues<\/a><\/li>\r\n                        <li><a href=\"#tarifs\">Tarifs<\/a><\/li>\r\n                        <li><a href=\"#faq\">FAQ<\/a><\/li>\r\n                    <\/ul>\r\n                <\/div>\r\n                <div>\r\n                    <h4 style=\"color:white; margin-bottom:1rem;\">L\u00e9gal<\/h4>\r\n                    <ul class=\"footer-links\">\r\n                        <li><a href=\"#\">Mentions l\u00e9gales<\/a><\/li>\r\n                        <li><a href=\"#\">Confidentialit\u00e9<\/a><\/li>\r\n                        <li><a href=\"#\">CGU<\/a><\/li>\r\n                    <\/ul>\r\n                <\/div>\r\n            <\/div>\r\n            <div class=\"copyright\">\r\n                <p>&copy; 2026 Psychologue.dipto-france.com - Tous droits r\u00e9serv\u00e9s.<\/p>\r\n            <\/div>\r\n        <\/div>\r\n    <\/footer>\r\n\r\n    <script>\r\n        \/\/ Script simple pour la FAQ\r\n        function toggleFaq(element) {\r\n            const answer = element.nextElementSibling;\r\n            const icon = element.querySelector('i');\r\n            answer.classList.toggle('active');\r\n            icon.style.transform = answer.classList.contains('active') ? 'rotate(180deg)' : 'rotate(0deg)';\r\n        }\r\n\r\n        \/\/ Ajout d'une classe pour g\u00e9rer le menu sur mobile (exemple basique)\r\n        window.addEventListener('scroll', function() {\r\n            const header = document.querySelector('header');\r\n            if (window.scrollY > 100) {\r\n                header.style.boxShadow = '0 5px 15px rgba(0,0,0,0.1)';\r\n            } else {\r\n                header.style.boxShadow = '0 2px 10px rgba(0,0,0,0.05)';\r\n            }\r\n        });\r\n    <\/script>\r\n<\/body>\r\n<\/html>\t\t\t\t<\/div>\n\t\t\t\t\t<\/div>\n\t\t\t\t<\/div>\n\t\t\t\t<\/div>\n\t\t","protected":false},"excerpt":{"rendered":"<p>Votre psychologue en ligne &#8211; Th\u00e9rapie par message Votre psychologue par message ou vocal chaque jour et sans rendez-vous Un [&hellip;]<\/p>\n","protected":false},"author":1,"featured_media":0,"parent":0,"menu_order":0,"comment_status":"closed","ping_status":"closed","template":"","meta":{"site-sidebar-layout":"no-sidebar","site-content-layout":"","ast-site-content-layout":"full-width-container","site-content-style":"default","site-sidebar-style":"default","ast-global-header-display":"","ast-banner-title-visibility":"","ast-main-header-display":"","ast-hfb-above-header-display":"","ast-hfb-below-header-display":"","ast-hfb-mobile-header-display":"","site-post-title":"","ast-breadcrumbs-content":"","ast-featured-img":"disabled","footer-sml-layout":"","theme-transparent-header-meta":"","adv-header-id-meta":"","stick-header-meta":"","header-above-stick-meta":"","header-main-stick-meta":"","header-below-stick-meta":"","astra-migrate-meta-layouts":"default","ast-page-background-enabled":"default","ast-page-background-meta":{"desktop":{"background-color":"var(--ast-global-color-5)","background-image":"","background-repeat":"repeat","background-position":"center center","background-size":"auto","background-attachment":"scroll","background-type":"","background-media":"","overlay-type":"","overlay-color":"","overlay-opacity":"","overlay-gradient":""},"tablet":{"background-color":"","background-image":"","background-repeat":"repeat","background-position":"center center","background-size":"auto","background-attachment":"scroll","background-type":"","background-media":"","overlay-type":"","overlay-color":"","overlay-opacity":"","overlay-gradient":""},"mobile":{"background-color":"","background-image":"","background-repeat":"repeat","background-position":"center center","background-size":"auto","background-attachment":"scroll","background-type":"","background-media":"","overlay-type":"","overlay-color":"","overlay-opacity":"","overlay-gradient":""}},"ast-content-background-meta":{"desktop":{"background-color":"var(--ast-global-color-4)","background-image":"","background-repeat":"repeat","background-position":"center center","background-size":"auto","background-attachment":"scroll","background-type":"","background-media":"","overlay-type":"","overlay-color":"","overlay-opacity":"","overlay-gradient":""},"tablet":{"background-color":"var(--ast-global-color-4)","background-image":"","background-repeat":"repeat","background-position":"center center","background-size":"auto","background-attachment":"scroll","background-type":"","background-media":"","overlay-type":"","overlay-color":"","overlay-opacity":"","overlay-gradient":""},"mobile":{"background-color":"var(--ast-global-color-4)","background-image":"","background-repeat":"repeat","background-position":"center center","background-size":"auto","background-attachment":"scroll","background-type":"","background-media":"","overlay-type":"","overlay-color":"","overlay-opacity":"","overlay-gradient":""}},"footnotes":""},"class_list":["post-286","page","type-page","status-publish","hentry"],"_links":{"self":[{"href":"https:\/\/psychologue.dipto-france.com\/index.php\/wp-json\/wp\/v2\/pages\/286","targetHints":{"allow":["GET"]}}],"collection":[{"href":"https:\/\/psychologue.dipto-france.com\/index.php\/wp-json\/wp\/v2\/pages"}],"about":[{"href":"https:\/\/psychologue.dipto-france.com\/index.php\/wp-json\/wp\/v2\/types\/page"}],"author":[{"embeddable":true,"href":"https:\/\/psychologue.dipto-france.com\/index.php\/wp-json\/wp\/v2\/users\/1"}],"replies":[{"embeddable":true,"href":"https:\/\/psychologue.dipto-france.com\/index.php\/wp-json\/wp\/v2\/comments?post=286"}],"version-history":[{"count":31,"href":"https:\/\/psychologue.dipto-france.com\/index.php\/wp-json\/wp\/v2\/pages\/286\/revisions"}],"predecessor-version":[{"id":332,"href":"https:\/\/psychologue.dipto-france.com\/index.php\/wp-json\/wp\/v2\/pages\/286\/revisions\/332"}],"wp:attachment":[{"href":"https:\/\/psychologue.dipto-france.com\/index.php\/wp-json\/wp\/v2\/media?parent=286"}],"curies":[{"name":"wp","href":"https:\/\/api.w.org\/{rel}","templated":true}]}}